{"id":30251,"date":"2025-02-12T16:45:44","date_gmt":"2025-02-12T16:45:44","guid":{"rendered":"https:\/\/lumentruss.com\/precise_landing\/"},"modified":"2025-02-13T17:57:57","modified_gmt":"2025-02-13T17:57:57","slug":"precise_landing","status":"publish","type":"page","link":"https:\/\/lumentruss.com\/fr\/precise_landing\/","title":{"rendered":"Precise_landing"},"content":{"rendered":"<p><div class=\"fusion-fullwidth fullwidth-box fusion-builder-row-1 fusion-flex-container has-pattern-background has-mask-background nonhundred-percent-fullwidth non-hundred-percent-height-scrolling\" style=\"--awb-border-sizes-top:0;--awb-border-sizes-bottom:0;--awb-border-radius-top-left:0px;--awb-border-radius-top-right:0px;--awb-border-radius-bottom-right:0px;--awb-border-radius-bottom-left:0px;--awb-padding-top:0px;--awb-margin-top:0px;--awb-background-color:#ffffff;--awb-flex-wrap:wrap;\" ><div class=\"fusion-builder-row fusion-row fusion-flex-align-items-flex-start fusion-flex-content-wrap\" style=\"max-width:calc( 100% + 0px );margin-left: calc(-0px \/ 2 );margin-right: calc(-0px \/ 2 );\"><div class=\"fusion-layout-column fusion_builder_column fusion-builder-column-0 fusion_builder_column_1_1 1_1 fusion-flex-column fusion-flex-align-self-stretch\" style=\"--awb-padding-top:0px;--awb-padding-right:0px;--awb-padding-bottom:0px;--awb-padding-left:0px;--awb-bg-color:#111111;--awb-bg-color-hover:#111111;--awb-bg-size:cover;--awb-width-large:100%;--awb-margin-top-large:0px;--awb-spacing-right-large:0px;--awb-margin-bottom-large:0px;--awb-spacing-left-large:0px;--awb-width-medium:100%;--awb-order-medium:0;--awb-spacing-right-medium:0px;--awb-spacing-left-medium:0px;--awb-width-small:100%;--awb-order-small:0;--awb-spacing-right-small:0px;--awb-spacing-left-small:0px;\"><div class=\"fusion-column-wrapper fusion-column-has-shadow fusion-flex-justify-content-flex-start fusion-content-layout-block\"><div class=\"fusion-image-element in-legacy-container\" style=\"--awb-caption-title-font-family:var(--h2_typography-font-family);--awb-caption-title-font-weight:var(--h2_typography-font-weight);--awb-caption-title-font-style:var(--h2_typography-font-style);--awb-caption-title-size:var(--h2_typography-font-size);--awb-caption-title-transform:var(--h2_typography-text-transform);--awb-caption-title-line-height:var(--h2_typography-line-height);--awb-caption-title-letter-spacing:var(--h2_typography-letter-spacing);\"><span class=\" fusion-imageframe imageframe-none imageframe-1 hover-type-none\"><img decoding=\"async\" width=\"5382\" height=\"1179\" title=\"banner_precise\" src=\"data:image\/svg+xml,%3Csvg%20xmlns%3D%27http%3A%2F%2Fwww.w3.org%2F2000%2Fsvg%27%20width%3D%275382%27%20height%3D%271179%27%20viewBox%3D%270%200%205382%201179%27%3E%3Crect%20width%3D%275382%27%20height%3D%271179%27%20fill-opacity%3D%220%22%2F%3E%3C%2Fsvg%3E\" data-orig-src=\"\/wp-content\/uploads\/2025\/02\/banner_precise-fr.jpg\" alt class=\"lazyload img-responsive wp-image-30227\"\/><\/span><\/div><\/div><\/div><\/div><\/div><div class=\"fusion-fullwidth fullwidth-box fusion-builder-row-2 fusion-flex-container has-pattern-background has-mask-background nonhundred-percent-fullwidth non-hundred-percent-height-scrolling fusion-animated\" style=\"--awb-border-radius-top-left:0px;--awb-border-radius-top-right:0px;--awb-border-radius-bottom-right:0px;--awb-border-radius-bottom-left:0px;--awb-padding-top:0px;--awb-padding-right:0px;--awb-padding-bottom:0px;--awb-padding-left:0px;--awb-margin-top:0px;--awb-margin-bottom:0px;--awb-background-color:#1e1e1e;--awb-flex-wrap:wrap;\" data-animationType=\"flash\" data-animationDuration=\"0.3\" data-animationOffset=\"top-into-view\" ><div class=\"fusion-builder-row fusion-row fusion-flex-align-items-flex-start fusion-flex-justify-content-center fusion-flex-content-wrap\" style=\"max-width:calc( 100% + 0px );margin-left: calc(-0px \/ 2 );margin-right: calc(-0px \/ 2 );\"><div class=\"fusion-layout-column fusion_builder_column fusion-builder-column-1 fusion_builder_column_1_1 1_1 fusion-flex-column fusion-flex-align-self-center\" style=\"--awb-padding-top:0px;--awb-padding-bottom:0px;--awb-padding-left:0px;--awb-bg-size:cover;--awb-width-large:100%;--awb-margin-top-large:0px;--awb-spacing-right-large:0px;--awb-margin-bottom-large:0px;--awb-spacing-left-large:0px;--awb-width-medium:100%;--awb-order-medium:0;--awb-spacing-right-medium:0px;--awb-spacing-left-medium:0px;--awb-width-small:100%;--awb-order-small:0;--awb-spacing-right-small:0px;--awb-spacing-left-small:0px;\" data-scroll-devices=\"small-visibility,medium-visibility,large-visibility\"><div class=\"fusion-column-wrapper fusion-column-has-shadow fusion-flex-justify-content-flex-start fusion-content-layout-column\"><div class=\"fusion-image-element \" style=\"text-align:center;--awb-margin-top:0px;--awb-margin-bottom:0px;--awb-caption-title-font-family:var(--h2_typography-font-family);--awb-caption-title-font-weight:var(--h2_typography-font-weight);--awb-caption-title-font-style:var(--h2_typography-font-style);--awb-caption-title-size:var(--h2_typography-font-size);--awb-caption-title-transform:var(--h2_typography-text-transform);--awb-caption-title-line-height:var(--h2_typography-line-height);--awb-caption-title-letter-spacing:var(--h2_typography-letter-spacing);\"><span class=\" fusion-imageframe imageframe-none imageframe-2 hover-type-none\"><img decoding=\"async\" width=\"3859\" height=\"2171\" title=\"precise_collage\" src=\"\/wp-content\/uploads\/2025\/02\/precise_collage.jpg\" data-orig-src=\"\/wp-content\/uploads\/2025\/02\/precise_collage.jpg\" alt class=\"lazyload img-responsive wp-image-30222\" srcset=\"data:image\/svg+xml,%3Csvg%20xmlns%3D%27http%3A%2F%2Fwww.w3.org%2F2000%2Fsvg%27%20width%3D%273859%27%20height%3D%272171%27%20viewBox%3D%270%200%203859%202171%27%3E%3Crect%20width%3D%273859%27%20height%3D%272171%27%20fill-opacity%3D%220%22%2F%3E%3C%2Fsvg%3E\" data-srcset=\"\/wp-content\/uploads\/2025\/02\/precise_collage-200x113.jpg 200w, \/wp-content\/uploads\/2025\/02\/precise_collage-400x225.jpg 400w, \/wp-content\/uploads\/2025\/02\/precise_collage-600x338.jpg 600w, \/wp-content\/uploads\/2025\/02\/precise_collage-800x450.jpg 800w, \/wp-content\/uploads\/2025\/02\/precise_collage-1200x675.jpg 1200w, \/wp-content\/uploads\/2025\/02\/precise_collage.jpg 3859w\" data-sizes=\"auto\" data-orig-sizes=\"(max-width: 1024px) 100vw, (max-width: 640px) 100vw, 3859px\" \/><\/span><\/div><\/div><\/div><\/div><\/div><div class=\"fusion-fullwidth fullwidth-box fusion-builder-row-3 fusion-flex-container has-pattern-background has-mask-background nonhundred-percent-fullwidth non-hundred-percent-height-scrolling fusion-animated\" style=\"--awb-border-sizes-top:0;--awb-border-sizes-bottom:0;--awb-border-sizes-left:0;--awb-border-sizes-right:0;--awb-border-radius-top-left:0px;--awb-border-radius-top-right:0px;--awb-border-radius-bottom-right:0px;--awb-border-radius-bottom-left:0px;--awb-padding-top:0px;--awb-padding-right:0px;--awb-padding-bottom:0px;--awb-padding-left:0px;--awb-margin-top:0px;--awb-margin-bottom:0px;--awb-background-color:#1e1e1e;--awb-flex-wrap:wrap;\" data-animationType=\"flash\" data-animationDuration=\"0.3\" data-animationOffset=\"top-into-view\" ><div class=\"fusion-builder-row fusion-row fusion-flex-align-items-flex-start fusion-flex-content-wrap\" style=\"max-width:calc( 100% + 0px );margin-left: calc(-0px \/ 2 );margin-right: calc(-0px \/ 2 );\"><div class=\"fusion-layout-column fusion_builder_column fusion-builder-column-2 fusion_builder_column_1_4 1_4 fusion-flex-column fusion-flex-align-self-stretch\" style=\"--awb-padding-right:3%;--awb-padding-left:3%;--awb-bg-size:cover;--awb-width-large:25%;--awb-margin-top-large:20px;--awb-spacing-right-large:0px;--awb-margin-bottom-large:20px;--awb-spacing-left-large:0px;--awb-width-medium:100%;--awb-order-medium:0;--awb-spacing-right-medium:0px;--awb-spacing-left-medium:0px;--awb-width-small:100%;--awb-order-small:0;--awb-spacing-right-small:0px;--awb-spacing-left-small:0px;\" data-scroll-devices=\"small-visibility,medium-visibility,large-visibility\"><div class=\"fusion-column-wrapper fusion-column-has-shadow fusion-flex-justify-content-center fusion-content-layout-column\"><div style=\"text-align:center;\"><a class=\"fusion-button button-flat fusion-button-default-size button-default fusion-button-default button-1 fusion-button-default-span fusion-button-default-type\" style=\"--button_margin-top:30px;--button_margin-right:0px;--button_margin-left:0px;\" target=\"_blank\" rel=\"noopener noreferrer\" href=\"https:\/\/lumentruss.com\/fr\/produits\/?LED-Engine-8mm\/precise-24v-48-3w-ip20\"><span class=\"fusion-button-text\">Page produit 3W<\/span><\/a><\/div><\/div><\/div><div class=\"fusion-layout-column fusion_builder_column fusion-builder-column-3 fusion_builder_column_1_4 1_4 fusion-flex-column fusion-flex-align-self-stretch\" style=\"--awb-padding-right:3%;--awb-padding-left:3%;--awb-bg-size:cover;--awb-width-large:25%;--awb-margin-top-large:20px;--awb-spacing-right-large:0px;--awb-margin-bottom-large:20px;--awb-spacing-left-large:0px;--awb-width-medium:100%;--awb-order-medium:0;--awb-spacing-right-medium:0px;--awb-spacing-left-medium:0px;--awb-width-small:100%;--awb-order-small:0;--awb-spacing-right-small:0px;--awb-spacing-left-small:0px;\" data-scroll-devices=\"small-visibility,medium-visibility,large-visibility\"><div class=\"fusion-column-wrapper fusion-column-has-shadow fusion-flex-justify-content-center fusion-content-layout-column\"><div style=\"text-align:center;\"><a class=\"fusion-button button-flat fusion-button-default-size button-default fusion-button-default button-2 fusion-button-default-span fusion-button-default-type\" style=\"--button_margin-top:30px;--button_margin-right:0px;--button_margin-left:0px;\" target=\"_blank\" rel=\"noopener noreferrer\" href=\"https:\/\/lumentruss.com\/fr\/produits\/?LED-Engine-8mm\/precise-24v-48-6w-ip20\"><span class=\"fusion-button-text\">Page produit 6W<\/span><\/a><\/div><\/div><\/div><div class=\"fusion-layout-column fusion_builder_column fusion-builder-column-4 fusion_builder_column_1_4 1_4 fusion-flex-column fusion-flex-align-self-stretch\" style=\"--awb-padding-right:3%;--awb-padding-left:3%;--awb-bg-size:cover;--awb-width-large:25%;--awb-margin-top-large:20px;--awb-spacing-right-large:0px;--awb-margin-bottom-large:20px;--awb-spacing-left-large:0px;--awb-width-medium:100%;--awb-order-medium:0;--awb-spacing-right-medium:0px;--awb-spacing-left-medium:0px;--awb-width-small:100%;--awb-order-small:0;--awb-spacing-right-small:0px;--awb-spacing-left-small:0px;\" data-scroll-devices=\"small-visibility,medium-visibility,large-visibility\"><div class=\"fusion-column-wrapper fusion-column-has-shadow fusion-flex-justify-content-center fusion-content-layout-column\"><div style=\"text-align:center;\"><a class=\"fusion-button button-flat fusion-button-default-size button-default fusion-button-default button-3 fusion-button-default-span fusion-button-default-type\" style=\"--button_margin-top:30px;--button_margin-right:0px;--button_margin-left:0px;\" target=\"_blank\" rel=\"noopener noreferrer\" href=\"https:\/\/www.lumentruss.com\/wp-content\/uploads\/lumentruss_files\/LUMINERGIE\/Lumentruss\/LT_ORDERING_SHEET\/LT_Precise_OS.pdf\"><span class=\"fusion-button-text\">Fiche technique<\/span><\/a><\/div><\/div><\/div><div class=\"fusion-layout-column fusion_builder_column fusion-builder-column-5 fusion_builder_column_1_4 1_4 fusion-flex-column fusion-flex-align-self-stretch\" style=\"--awb-padding-right:3%;--awb-padding-left:3%;--awb-bg-size:cover;--awb-width-large:25%;--awb-margin-top-large:20px;--awb-spacing-right-large:0px;--awb-margin-bottom-large:20px;--awb-spacing-left-large:0px;--awb-width-medium:100%;--awb-order-medium:0;--awb-spacing-right-medium:0px;--awb-spacing-left-medium:0px;--awb-width-small:100%;--awb-order-small:0;--awb-spacing-right-small:0px;--awb-spacing-left-small:0px;\" data-scroll-devices=\"small-visibility,medium-visibility,large-visibility\"><div class=\"fusion-column-wrapper fusion-column-has-shadow fusion-flex-justify-content-center fusion-content-layout-column\"><\/div><\/div><\/div><\/div><div class=\"fusion-fullwidth fullwidth-box fusion-builder-row-4 fusion-flex-container has-pattern-background has-mask-background nonhundred-percent-fullwidth non-hundred-percent-height-scrolling fusion-animated\" style=\"--awb-border-radius-top-left:0px;--awb-border-radius-top-right:0px;--awb-border-radius-bottom-right:0px;--awb-border-radius-bottom-left:0px;--awb-padding-top:0px;--awb-padding-right:0px;--awb-padding-bottom:0px;--awb-padding-left:0px;--awb-margin-top:0px;--awb-margin-bottom:0px;--awb-background-color:#1e1e1e;--awb-flex-wrap:wrap;\" data-animationType=\"flash\" data-animationDuration=\"0.3\" data-animationOffset=\"top-into-view\" ><div class=\"fusion-builder-row fusion-row fusion-flex-align-items-flex-start fusion-flex-justify-content-center fusion-flex-content-wrap\" style=\"max-width:calc( 100% + 0px );margin-left: calc(-0px \/ 2 );margin-right: calc(-0px \/ 2 );\"><div class=\"fusion-layout-column fusion_builder_column fusion-builder-column-6 fusion_builder_column_1_1 1_1 fusion-flex-column fusion-flex-align-self-stretch\" style=\"--awb-padding-right:3%;--awb-padding-left:3%;--awb-bg-size:cover;--awb-width-large:100%;--awb-margin-top-large:20px;--awb-spacing-right-large:0px;--awb-margin-bottom-large:20px;--awb-spacing-left-large:0px;--awb-width-medium:100%;--awb-order-medium:0;--awb-spacing-right-medium:0px;--awb-spacing-left-medium:0px;--awb-width-small:100%;--awb-order-small:0;--awb-spacing-right-small:0px;--awb-spacing-left-small:0px;\" data-scroll-devices=\"small-visibility,medium-visibility,large-visibility\"><div class=\"fusion-column-wrapper fusion-column-has-shadow fusion-flex-justify-content-center fusion-content-layout-column\"><div class=\"fusion-title title fusion-title-1 fusion-sep-none fusion-title-text fusion-title-size-two\" style=\"--awb-text-color:#ffffff;--awb-margin-bottom:15px;\"><h2 class=\"fusion-title-heading title-heading-left fusion-responsive-typography-calculated\" style=\"margin:0;--fontSize:36;line-height:1.28;\">Laissez la lumi\u00e8re suivre votre design au millim\u00e8tre gr\u00e2ce \u00e0 la technologie Precise\u2122 par Lumentruss .<\/h2><\/div><div class=\"fusion-text fusion-text-1\" style=\"--awb-font-size:1.2em;--awb-text-color:#ffffff;\"><p>Notre nouvelle plateforme DEL red\u00e9finit la flexibilit\u00e9, vous permet de d\u00e9couper tous les 1\/4&#8243; avec une pr\u00e9cision extr\u00eame &#8211; garantissant une adaptation transparente et sur mesure \u00e0 toutes les applications. Con\u00e7ue pour la pr\u00e9cision et la performance, Precise\u2122 offre une haute efficacit\u00e9, un rendement thermique r\u00e9duit et une coh\u00e9rence des couleurs in\u00e9gal\u00e9e, le tout dans un facteur de forme ultra-compact.<\/p>\n<\/div><\/div><\/div><\/div><\/div><\/p>\n","protected":false},"excerpt":{"rendered":"","protected":false},"author":7,"featured_media":0,"parent":0,"menu_order":0,"comment_status":"closed","ping_status":"closed","template":"","meta":{"footnotes":""},"class_list":["post-30251","page","type-page","status-publish","hentry"],"yoast_head":"<!-- This site is optimized with the Yoast SEO plugin v27.2 - https:\/\/yoast.com\/product\/yoast-seo-wordpress\/ -->\n<title>Precise_landing | LumenTruss<\/title>\n<meta name=\"robots\" content=\"index, follow, max-snippet:-1, max-image-preview:large, max-video-preview:-1\" \/>\n<link rel=\"canonical\" href=\"https:\/\/lumentruss.com\/fr\/wp-json\/wp\/v2\/pages\/30251\" \/>\n<meta property=\"og:locale\" content=\"fr_FR\" \/>\n<meta property=\"og:type\" content=\"article\" \/>\n<meta property=\"og:title\" content=\"Precise_landing | LumenTruss\" \/>\n<meta property=\"og:url\" content=\"https:\/\/lumentruss.com\/fr\/precise_landing\/\" \/>\n<meta property=\"og:site_name\" content=\"LumenTruss\" \/>\n<meta property=\"article:publisher\" content=\"https:\/\/www.facebook.com\/lumentruss\" \/>\n<meta property=\"article:modified_time\" content=\"2025-02-13T17:57:57+00:00\" \/>\n<meta name=\"twitter:card\" content=\"summary_large_image\" \/>\n<meta name=\"twitter:site\" content=\"@lumentruss\" \/>\n<meta name=\"twitter:label1\" content=\"Dur\u00e9e de lecture estim\u00e9e\" \/>\n\t<meta name=\"twitter:data1\" content=\"30 minutes\" \/>\n<script type=\"application\/ld+json\" class=\"yoast-schema-graph\">{\"@context\":\"https:\/\/schema.org\",\"@graph\":[{\"@type\":\"WebPage\",\"@id\":\"https:\/\/lumentruss.com\/fr\/precise_landing\/\",\"url\":\"https:\/\/lumentruss.com\/fr\/precise_landing\/\",\"name\":\"Precise_landing | LumenTruss\",\"isPartOf\":{\"@id\":\"https:\/\/www.lumentruss.com\/fr\/#website\"},\"datePublished\":\"2025-02-12T16:45:44+00:00\",\"dateModified\":\"2025-02-13T17:57:57+00:00\",\"breadcrumb\":{\"@id\":\"https:\/\/lumentruss.com\/fr\/precise_landing\/#breadcrumb\"},\"inLanguage\":\"fr-FR\",\"potentialAction\":[{\"@type\":\"ReadAction\",\"target\":[\"https:\/\/lumentruss.com\/fr\/precise_landing\/\"]}]},{\"@type\":\"BreadcrumbList\",\"@id\":\"https:\/\/lumentruss.com\/fr\/precise_landing\/#breadcrumb\",\"itemListElement\":[{\"@type\":\"ListItem\",\"position\":1,\"name\":\"Home\",\"item\":\"https:\/\/www.lumentruss.com\/fr\/\"},{\"@type\":\"ListItem\",\"position\":2,\"name\":\"Precise_landing\"}]},{\"@type\":\"WebSite\",\"@id\":\"https:\/\/www.lumentruss.com\/fr\/#website\",\"url\":\"https:\/\/www.lumentruss.com\/fr\/\",\"name\":\"LumenTruss\",\"description\":\"In Lumen We Truss\",\"publisher\":{\"@id\":\"https:\/\/www.lumentruss.com\/fr\/#organization\"},\"potentialAction\":[{\"@type\":\"SearchAction\",\"target\":{\"@type\":\"EntryPoint\",\"urlTemplate\":\"https:\/\/www.lumentruss.com\/fr\/?s={search_term_string}\"},\"query-input\":{\"@type\":\"PropertyValueSpecification\",\"valueRequired\":true,\"valueName\":\"search_term_string\"}}],\"inLanguage\":\"fr-FR\"},{\"@type\":\"Organization\",\"@id\":\"https:\/\/www.lumentruss.com\/fr\/#organization\",\"name\":\"LumenTruss\",\"url\":\"https:\/\/www.lumentruss.com\/fr\/\",\"logo\":{\"@type\":\"ImageObject\",\"inLanguage\":\"fr-FR\",\"@id\":\"https:\/\/www.lumentruss.com\/fr\/#\/schema\/logo\/image\/\",\"url\":\"https:\/\/www.lumentruss.com\/wp-content\/uploads\/2020\/10\/LT_Favicon_144x144.png\",\"contentUrl\":\"https:\/\/www.lumentruss.com\/wp-content\/uploads\/2020\/10\/LT_Favicon_144x144.png\",\"width\":144,\"height\":144,\"caption\":\"LumenTruss\"},\"image\":{\"@id\":\"https:\/\/www.lumentruss.com\/fr\/#\/schema\/logo\/image\/\"},\"sameAs\":[\"https:\/\/www.facebook.com\/lumentruss\",\"https:\/\/x.com\/lumentruss\",\"https:\/\/www.instagram.com\/lumentruss\/\",\"https:\/\/ca.linkedin.com\/company\/lumentruss\",\"https:\/\/www.pinterest.ca\/lumentruss\/\"]}]}<\/script>\n<!-- \/ Yoast SEO plugin. -->","yoast_head_json":{"title":"Precise_landing | LumenTruss","robots":{"index":"index","follow":"follow","max-snippet":"max-snippet:-1","max-image-preview":"max-image-preview:large","max-video-preview":"max-video-preview:-1"},"canonical":"https:\/\/lumentruss.com\/fr\/wp-json\/wp\/v2\/pages\/30251","og_locale":"fr_FR","og_type":"article","og_title":"Precise_landing | LumenTruss","og_url":"https:\/\/lumentruss.com\/fr\/precise_landing\/","og_site_name":"LumenTruss","article_publisher":"https:\/\/www.facebook.com\/lumentruss","article_modified_time":"2025-02-13T17:57:57+00:00","twitter_card":"summary_large_image","twitter_site":"@lumentruss","twitter_misc":{"Dur\u00e9e de lecture estim\u00e9e":"30 minutes"},"schema":{"@context":"https:\/\/schema.org","@graph":[{"@type":"WebPage","@id":"https:\/\/lumentruss.com\/fr\/precise_landing\/","url":"https:\/\/lumentruss.com\/fr\/precise_landing\/","name":"Precise_landing | LumenTruss","isPartOf":{"@id":"https:\/\/www.lumentruss.com\/fr\/#website"},"datePublished":"2025-02-12T16:45:44+00:00","dateModified":"2025-02-13T17:57:57+00:00","breadcrumb":{"@id":"https:\/\/lumentruss.com\/fr\/precise_landing\/#breadcrumb"},"inLanguage":"fr-FR","potentialAction":[{"@type":"ReadAction","target":["https:\/\/lumentruss.com\/fr\/precise_landing\/"]}]},{"@type":"BreadcrumbList","@id":"https:\/\/lumentruss.com\/fr\/precise_landing\/#breadcrumb","itemListElement":[{"@type":"ListItem","position":1,"name":"Home","item":"https:\/\/www.lumentruss.com\/fr\/"},{"@type":"ListItem","position":2,"name":"Precise_landing"}]},{"@type":"WebSite","@id":"https:\/\/www.lumentruss.com\/fr\/#website","url":"https:\/\/www.lumentruss.com\/fr\/","name":"LumenTruss","description":"In Lumen We Truss","publisher":{"@id":"https:\/\/www.lumentruss.com\/fr\/#organization"},"potentialAction":[{"@type":"SearchAction","target":{"@type":"EntryPoint","urlTemplate":"https:\/\/www.lumentruss.com\/fr\/?s={search_term_string}"},"query-input":{"@type":"PropertyValueSpecification","valueRequired":true,"valueName":"search_term_string"}}],"inLanguage":"fr-FR"},{"@type":"Organization","@id":"https:\/\/www.lumentruss.com\/fr\/#organization","name":"LumenTruss","url":"https:\/\/www.lumentruss.com\/fr\/","logo":{"@type":"ImageObject","inLanguage":"fr-FR","@id":"https:\/\/www.lumentruss.com\/fr\/#\/schema\/logo\/image\/","url":"https:\/\/www.lumentruss.com\/wp-content\/uploads\/2020\/10\/LT_Favicon_144x144.png","contentUrl":"https:\/\/www.lumentruss.com\/wp-content\/uploads\/2020\/10\/LT_Favicon_144x144.png","width":144,"height":144,"caption":"LumenTruss"},"image":{"@id":"https:\/\/www.lumentruss.com\/fr\/#\/schema\/logo\/image\/"},"sameAs":["https:\/\/www.facebook.com\/lumentruss","https:\/\/x.com\/lumentruss","https:\/\/www.instagram.com\/lumentruss\/","https:\/\/ca.linkedin.com\/company\/lumentruss","https:\/\/www.pinterest.ca\/lumentruss\/"]}]}},"_links":{"self":[{"href":"https:\/\/lumentruss.com\/fr\/wp-json\/wp\/v2\/pages\/30251","targetHints":{"allow":["GET"]}}],"collection":[{"href":"https:\/\/lumentruss.com\/fr\/wp-json\/wp\/v2\/pages"}],"about":[{"href":"https:\/\/lumentruss.com\/fr\/wp-json\/wp\/v2\/types\/page"}],"author":[{"embeddable":true,"href":"https:\/\/lumentruss.com\/fr\/wp-json\/wp\/v2\/users\/7"}],"replies":[{"embeddable":true,"href":"https:\/\/lumentruss.com\/fr\/wp-json\/wp\/v2\/comments?post=30251"}],"version-history":[{"count":10,"href":"https:\/\/lumentruss.com\/fr\/wp-json\/wp\/v2\/pages\/30251\/revisions"}],"predecessor-version":[{"id":30278,"href":"https:\/\/lumentruss.com\/fr\/wp-json\/wp\/v2\/pages\/30251\/revisions\/30278"}],"wp:attachment":[{"href":"https:\/\/lumentruss.com\/fr\/wp-json\/wp\/v2\/media?parent=30251"}],"curies":[{"name":"wp","href":"https:\/\/api.w.org\/{rel}","templated":true}]}}